{"id":4720,"date":"2021-09-06T11:47:21","date_gmt":"2021-09-06T09:47:21","guid":{"rendered":"https:\/\/ladocumenta.eu\/charte-de-protection-des-donnees-a-caractere-personnel\/"},"modified":"2023-06-02T13:17:51","modified_gmt":"2023-06-02T11:17:51","slug":"privacy","status":"publish","type":"page","link":"https:\/\/ladocumenta.eu\/en\/privacy\/","title":{"rendered":"Privacy"},"content":{"rendered":"\r\n<p><strong>Quel est l\u2019objet de cette charte\u00a0?<\/strong><\/p>\r\n<p class=\"p1\">La pr\u00e9sente charte a pour objet de vous informer des modalit\u00e9s de traitement de vos donn\u00e9es \u00e0 caract\u00e8re personnel par l\u2019association ERDA EDUCATION RECHERCHE DEVELOPPEMENT ARTISTIQUE dans le cadre de votre utilisation de la plateforme La Documenta.<\/p>\r\n<p class=\"p1\">Le terme \u00ab\u00a0<b>Donn\u00e9e(s) Personnelle(s)<\/b><i>\u00a0<\/i>\u00bb d\u00e9signe toute information se rapportant \u00e0 une personne physique identifi\u00e9e ou identifiable, directement ou indirectement, notamment par r\u00e9f\u00e9rence \u00e0 un identifiant, tel qu&#8217;un nom, un num\u00e9ro d&#8217;identification, des donn\u00e9es de localisation, un identifiant en ligne, ou \u00e0 un ou plusieurs \u00e9l\u00e9ments sp\u00e9cifiques propres \u00e0 son identit\u00e9 physique, physiologique, g\u00e9n\u00e9tique, psychique, \u00e9conomique, culturelle ou sociale.<\/p>\r\n<p class=\"p1\">Nous vous invitons \u00e0 lire attentivement la pr\u00e9sente charte, ainsi que tout autre document relatif au traitement de vos Donn\u00e9es Personnelles qui vous serait communiqu\u00e9 par nos soins.<\/p>\r\n<p>&nbsp;<\/p>\r\n<p class=\"p1\"><strong>ERDA responsable du traitement<\/strong><\/p>\r\n<p class=\"p1\">L\u2019association ERDA EDUCATION RECHERCHE DEVELOPPEMENT ARTISTIQUE (ci-apr\u00e8s, \u00ab\u00a0<b>ERDA<\/b>\u00a0\u00bb) d\u00e9termine les finalit\u00e9s et moyens du traitement de vos Donn\u00e9es Personnelles et est, \u00e0 ce titre, responsable du traitement.<\/p>\r\n<p class=\"p3\">La r\u00e9glementation applicable aux traitements de Donn\u00e9es Personnelles recouvre toutes les dispositions l\u00e9gislatives et r\u00e9glementaires, nationales et europ\u00e9ennes, en vigueur et notamment (i) le R\u00e8glement europ\u00e9en 2016\/679 relatif \u00e0 la protection des donn\u00e9es du 27 avril 2016 (le \u00ab\u00a0<b>RGPD<\/b>\u00a0\u00bb), (ii) les dispositions fran\u00e7aises de la loi n\u00b0 78-17 du 6 janvier 1978 telle que modifi\u00e9e par la loi n\u00b02018-493 du 20 juin 2018, (iii) la directive europ\u00e9enne 2002\/58\/CE du 12 juillet 2002 et (iv) les lignes directrices, opinions, recommandations, avis des autorit\u00e9s de contr\u00f4le et les certifications, agr\u00e9ments ou d\u00e9cisions de justice d\u00e9finitives (ensemble, la \u00ab\u00a0<b>R\u00e9glementation<\/b>\u00a0\u00bb).<\/p>\r\n<p>&nbsp;<\/p>\r\n<p class=\"p3\"><strong>Quelles donn\u00e9es traitons-nous\u00a0?<\/strong><\/p>\r\n<p class=\"p3\">Nous traitons les donn\u00e9es personnelles que vous nous communiquez directement, notamment \u00e0 partir du formulaire de cr\u00e9ation de votre compte.<\/p>\r\n<p>Les Donn\u00e9es Personnelles que nous sommes amen\u00e9s \u00e0 traiter sont notamment les suivantes :<\/p>\r\n<ul>\r\n<li class=\"p3\">votre nom, pr\u00e9nom ;<\/li>\r\n<li class=\"p3\">vos villes et pays de r\u00e9sidence ;<\/li>\r\n<li class=\"p3\">votre adresse e-mail ;<\/li>\r\n<li class=\"p3\">la cat\u00e9gorie professionnelle \u00e0 laquelle vous appartenez ;<\/li>\r\n<li class=\"p3\">votre identifiant et votre mot de passe.<\/li>\r\n<\/ul>\r\n<p>&nbsp;<\/p>\r\n<p><strong>Sur quelles bases et pour quelles finalit\u00e9s ERDA traite vos Donn\u00e9es Personnelles ?<\/strong><\/p>\r\n<p>ERDA traite vos Donn\u00e9es Personnelles dans la limite strictement n\u00e9cessaire \u00e0 l\u2019accomplissement des finalit\u00e9s ci-apr\u00e8s d\u00e9taill\u00e9es et sur la base des fondements juridiques suivants\u00a0:<\/p>\r\n<p><em>Bases l\u00e9gales<\/em><\/p>\r\n<ul>\r\n<li>L\u2019ex\u00e9cution du contrat nous liant (\u00e0 savoir, les CGU)<\/li>\r\n<li>Votre consentement<\/li>\r\n<\/ul>\r\n<p><em>Finalit\u00e9s<\/em><\/p>\r\n<ul>\r\n<li>Cr\u00e9ation de votre compte<\/li>\r\n<li>Vous permettre l\u2019acc\u00e8s \u00e0 notre base documentaire La Documenta<\/li>\r\n<li>Envoi de lettres d\u2019information ou offres commerciales sur l\u2019activit\u00e9 de ERDA, d\u2019invitations \u00e0 des \u00e9v\u00e9nements<\/li>\r\n<\/ul>\r\n<p class=\"p1\">ERDA n\u2019utilisera vos Donn\u00e9es Personnelles que pour les finalit\u00e9s pr\u00e9cit\u00e9es, sauf si elle consid\u00e8re raisonnablement que les Donn\u00e9es Personnelles doivent \u00eatre trait\u00e9es pour d\u2019autres finalit\u00e9s, compatibles avec les finalit\u00e9s initiales. En tout \u00e9tat de cause, ERDA ne manquera pas de vous informer de ces \u00e9ventuelles finalit\u00e9s ult\u00e9rieures.<\/p>\r\n<p>&nbsp;<\/p>\r\n<p class=\"p1\"><strong>Qui sont les destinataires de vos Donn\u00e9es Personnelles\u00a0?<\/strong><\/p>\r\n<p class=\"p1\">ERDA ne partage vos Donn\u00e9es Personnelles qu\u2019\u00e0 une liste limit\u00e9e de personnes, et ce uniquement dans le respect des finalit\u00e9s pr\u00e9cit\u00e9es et des t\u00e2ches qui leur sont confi\u00e9es.<\/p>\r\n<p class=\"p1\">Ainsi, les seuls destinataires de vos Donn\u00e9es Personnelles sont le personnel interne \u00e0 ERDA en charge de la gestion commerciale et <i>marketing<\/i>, et les sous-traitants de ERDA (h\u00e9bergeur, prestataire assurant la diffusion des e-mails).<\/p>\r\n<p class=\"p1\">ERDA s\u2019assure que ces destinataires soient tenus de prendre des mesures de s\u00e9curit\u00e9 et de confidentialit\u00e9 appropri\u00e9es afin de respecter la pr\u00e9sente charte. Les sous-traitants ne sont aucunement autoris\u00e9s \u00e0 traiter vos Donn\u00e9es Personnelles pour d\u2019autres finalit\u00e9s que celles pr\u00e9vues \u00e0 l\u2019article 4.<\/p>\r\n<p class=\"p1\">Ces donn\u00e9es peuvent \u00e9galement \u00eatre transmises aux autorit\u00e9s comp\u00e9tentes aux fins de r\u00e9pondre \u00e0 une d\u00e9cision judiciaire ou administrative.<\/p>\r\n<p>&nbsp;<\/p>\r\n<p class=\"p1\"><strong>Y a-t-il des transferts de vos Donn\u00e9es Personnelles en dehors de l\u2019UE\u00a0?<\/strong><\/p>\r\n\r\n\r\n\r\n\r\n\r\n<p class=\"p1\">Vos Donn\u00e9es Personnelles peuvent \u00eatre transf\u00e9r\u00e9es, accessibles depuis et stock\u00e9es dans un pays situ\u00e9 en dehors de l\u2019Espace \u00e9conomique europ\u00e9en (l\u2019 \u00ab\u00a0EEE\u00a0\u00bb).<\/p>\r\n<p class=\"p1\">ERDA proc\u00e8de \u00e0 de tels transferts uniquement de mani\u00e8re s\u00e9curis\u00e9e et dans le respect de la R\u00e9glementation. Certains pays \u00e9tant susceptibles de ne disposer d\u2019aucune loi r\u00e9gissant l\u2019utilisation et le transfert des donn\u00e9es \u00e0 caract\u00e8re personnel, nous nous engageons \u00e0 prendre toutes les mesures requises afin de nous assurer que les tiers concern\u00e9s se conforment aux conditions pr\u00e9vues dans la pr\u00e9sente charte.<\/p>\r\n<p class=\"p1\">Ces mesures peuvent inclure un contr\u00f4le des normes appliqu\u00e9es par ces tiers en mati\u00e8re de protection des donn\u00e9es \u00e0 caract\u00e8re personnel et de s\u00e9curit\u00e9 et\/ou la signature de contrats appropri\u00e9s (sur la base du mod\u00e8le adopt\u00e9 par la Commission de l\u2019Union europ\u00e9enne).<\/p>\r\n<p>&nbsp;<\/p>\r\n<p class=\"p1\"><strong>Quelles sont les mesures de s\u00e9curit\u00e9 mises en place par ERDA\u00a0?<\/strong><\/p>\r\n<p class=\"p1\">ERDA met en \u0153uvre des mesures techniques et organisationnelles de protection de vos Donn\u00e9es Personnelles contre leur destruction, alt\u00e9ration, perte, divulgation accidentelles ou non autoris\u00e9es.<\/p>\r\n<p class=\"p1\">Ces mesures sont \u00e9volutives afin d\u2019assurer une meilleure protection, s\u00e9curit\u00e9, int\u00e9grit\u00e9 et confidentialit\u00e9 de vos Donn\u00e9es Personnelles.<\/p>\r\n<p>&nbsp;<\/p>\r\n<p class=\"p1\"><strong>Combien de temps ERDA conserve-t-elle vos Donn\u00e9es Personnelles\u00a0?<\/strong><\/p>\r\n<p class=\"p1\">ERDA conserve vos Donn\u00e9es Personnelles pendant une dur\u00e9e de trois (3) ans \u00e0 compter de votre derni\u00e8re connexion \u00e0 votre compte et, pour ce qui concerne notre lettre d\u2019information, tant que vous ne vous d\u00e9sinscrivez pas de notre lettre d\u2019information (via le lien de d\u00e9sinscription int\u00e9gr\u00e9 en bas de chaque e-mail).<\/p>\r\n<p>&nbsp;<\/p>\r\n<p class=\"p1\"><strong>Quels sont vos droits et comment les exercer\u00a0?<\/strong><\/p>\r\n\r\n\r\n\r\n\r\n\r\n\r\n\r\n\r\n\r\n<p class=\"p1\">Vous disposez des droits suivants, concernant le traitement par ERDA de vos Donn\u00e9es Personnelles\u00a0:<\/p>\r\n<p><strong>1- Acc\u00e9der et \u00eatre inform\u00e9\u00a0:<\/strong> vous avez le droit d\u2019\u00eatre inform\u00e9(e) de fa\u00e7on concise, transparente, compr\u00e9hensible et ais\u00e9ment accessible de la fa\u00e7on dont vos Donn\u00e9es Personnelles sont trait\u00e9es. Vous avez \u00e9galement le droit d\u2019obtenir (i) la confirmation que des Donn\u00e9es Personnelles vous concernant sont trait\u00e9es ou non par ERDA et, le cas \u00e9ch\u00e9ant, (ii) d\u2019acc\u00e9der \u00e0 l\u2019ensemble de vos Donn\u00e9es Personnelles et d\u2019en obtenir une copie.<\/p>\r\n<p><strong>2- Rectifier\u00a0:<\/strong> dans l\u2019hypoth\u00e8se o\u00f9 vous jugeriez des Donn\u00e9es Personnelles vous concernant incompl\u00e8tes ou erron\u00e9es, vous pouvez demander \u00e0 ERDA de les rectifier, ce que ERDA fera dans les meilleurs d\u00e9lais.<\/p>\r\n<p><strong>3- Effacer\u00a0:<\/strong> dans certains cas, vous pouvez solliciter, aupr\u00e8s de ERDA, l\u2019effacement de vos Donn\u00e9es Personnelles (\u00ab\u00a0droit \u00e0 l\u2019oubli\u00a0\u00bb)\u00a0; toutefois, il ne s\u2019agit pas d\u2019un droit absolu, ERDA pouvant disposer, dans certains cas, de motifs l\u00e9gaux ou l\u00e9gitimes de conserver vos Donn\u00e9es Personnelles.<\/p>\r\n<p><strong>4- Limiter\u00a0:<\/strong> dans certains cas \u00e9num\u00e9r\u00e9s \u00e0 l\u2019article 18 du RGPD, vous pouvez demander \u00e0 ERDA de limiter le traitement de vos Donn\u00e9es Personnelles.<\/p>\r\n<p><strong>5- Transf\u00e9rer\u00a0:<\/strong> vous b\u00e9n\u00e9ficiez du droit \u00e0 la portabilit\u00e9 de vos Donn\u00e9es Personnelles, sous une forme structur\u00e9e, couramment utilis\u00e9e et lisible par une machine. Vous \u00eates, par cons\u00e9quent, libre de transmettre vos Donn\u00e9es Personnelles \u00e0 un destinataire de votre choix sans que ERDA ne puisse s\u2019y opposer. Toutefois, ce droit ne s\u2019applique que si le traitement de vos Donn\u00e9es Personnelles repose sur votre consentement ou sur l\u2019ex\u00e9cution d\u2019un contrat, et que le traitement est r\u00e9alis\u00e9 \u00e0 l\u2019aide de proc\u00e9d\u00e9s automatis\u00e9s.<\/p>\r\n<p><strong>6- Vous opposer\u00a0:<\/strong> lorsque le traitement de vos Donn\u00e9es Personnelles est bas\u00e9 sur l\u2019int\u00e9r\u00eat l\u00e9gitime de ERDA, vous avez la possibilit\u00e9 de vous opposer \u00e0 ce traitement. ERDA mettra alors un terme au traitement de vos Donn\u00e9es Personnelles, sauf motif l\u00e9gitime justifiant le traitement. Vous disposez \u00e9galement du droit de vous opposer \u00e0 tout moment au traitement de vos Donn\u00e9es Personnelles \u00e0 des fins de prospection commerciale. Vous avez enfin le droit de vous d\u00e9sinscrire de notre lettre d\u2019information en cliquant simplement sur le lien \u00ab\u00a0<i>Se d\u00e9sinscrire<\/i>\u00a0\u00bb figurant en bas de chaque lettre d\u2019information.<\/p>\r\n<p><strong>7- Introduire une r\u00e9clamation\u00a0:<\/strong> vous avez toujours le droit d\u2019introduire une r\u00e9clamation aupr\u00e8s de la Commission nationale de l\u2019informatique et des libert\u00e9s (CNIL).<\/p>\r\n<p><strong>8- D\u00e9finir des directives apr\u00e8s votre d\u00e9c\u00e8s :<\/strong> ces directives, r\u00e9vocables \u00e0 tout moment, peuvent porter sur la conservation, l\u2019effacement, la communication de vos Donn\u00e9es Personnelles en d\u00e9signant une personne charg\u00e9e de leur ex\u00e9cution\u00a0:<\/p>\r\n<ul>\r\n<li>lorsqu\u2019il s\u2019agit de directives g\u00e9n\u00e9rales, vous pourrez les transmettre \u00e0 un tiers de confiance num\u00e9rique certifi\u00e9 par la CNIL,<\/li>\r\n<li>lorsqu\u2019il s\u2019agit de directives sp\u00e9cifiques, vous pourrez les transmettre directement \u00e0 ERDA.<\/li>\r\n<\/ul>\r\n<p class=\"p1\">Si vous souhaitez exercer tout ou partie de vos droits ou b\u00e9n\u00e9ficier d\u2019informations suppl\u00e9mentaires, vous pouvez adresser \u00e0 tout moment une demande \u00e0 ERDA, accompagn\u00e9e de la copie d\u2019un justificatif de votre identit\u00e9, qui nous permettra de v\u00e9rifier votre identit\u00e9\u00a0:<\/p>\r\n<ul class=\"ul1\">\r\n<li class=\"li3\"><span class=\"s2\">par email \u00e0\u00a0: <a href=\"mailto:contact@ladocumenta.eu\"><span class=\"s3\">contact@ladocumenta.eu<\/span><\/a> ;<\/span><\/li>\r\n<li class=\"li1\">par courrier \u00e0\u00a0: association ERDA, 23, rue d\u2019Anjou, 75008 Paris, France.<\/li>\r\n<\/ul>\r\n<p class=\"p5\">Une r\u00e9ponse vous sera adress\u00e9e dans un d\u00e9lai d&#8217;un (1) mois \u00e0 compter de la r\u00e9ception de votre demande.<\/p>\r\n<p>&nbsp;<\/p>\r\n<p class=\"p5\"><strong>Vous avez une question ?<\/strong><\/p>\r\n<p class=\"p1\">Pour toute question sur l\u2019engagement de ERDA en mati\u00e8re de protection de la vie priv\u00e9e et des Donn\u00e9es Personnelles, veuillez vous adresser \u00e0 l\u2019adresse suivante\u00a0: <a href=\"mailto:contact@ladocumenta.eu\">contact@ladocumenta.eu<\/a>.<\/p>\r\n<p>&nbsp;<\/p>\r\n<p><strong>Modification de la charte <\/strong><\/p>\r\n<p>ERDA se r\u00e9serve la possibilit\u00e9 de modifier la pr\u00e9sente charte, \u00e0 tout moment, en fonction notamment du contexte l\u00e9gal et r\u00e9glementaire et des recommandations, avis et d\u00e9cisions de la CNIL, du Comit\u00e9 Europ\u00e9en de la Protection des Donn\u00e9es et des juridictions fran\u00e7aises et europ\u00e9ennes.<\/p>\r\n<p>&nbsp;<\/p>\r\n<p><em>Derni\u00e8re mise \u00e0 jour : le 28 juin 2022.<\/em><\/p>\r\n","protected":false},"excerpt":{"rendered":"<p>Quel est l\u2019objet de cette charte\u00a0? La pr\u00e9sente charte a pour objet de vous informer des modalit\u00e9s de traitement de vos donn\u00e9es \u00e0 caract\u00e8re personnel par l\u2019association ERDA EDUCATION RECHERCHE DEVELOPPEMENT ARTISTIQUE dans le cadre de votre utilisation de la plateforme La Documenta. Le terme \u00ab\u00a0Donn\u00e9e(s) Personnelle(s)\u00a0\u00bb d\u00e9signe toute information se rapportant \u00e0 une personne [&hellip;]<\/p>\n","protected":false},"author":8,"featured_media":0,"parent":0,"menu_order":0,"comment_status":"closed","ping_status":"closed","template":"","meta":{"footnotes":""},"class_list":["post-4720","page","type-page","status-publish","hentry"],"_links":{"self":[{"href":"https:\/\/ladocumenta.eu\/en\/wp-json\/wp\/v2\/pages\/4720","targetHints":{"allow":["GET"]}}],"collection":[{"href":"https:\/\/ladocumenta.eu\/en\/wp-json\/wp\/v2\/pages"}],"about":[{"href":"https:\/\/ladocumenta.eu\/en\/wp-json\/wp\/v2\/types\/page"}],"author":[{"embeddable":true,"href":"https:\/\/ladocumenta.eu\/en\/wp-json\/wp\/v2\/users\/8"}],"replies":[{"embeddable":true,"href":"https:\/\/ladocumenta.eu\/en\/wp-json\/wp\/v2\/comments?post=4720"}],"version-history":[{"count":0,"href":"https:\/\/ladocumenta.eu\/en\/wp-json\/wp\/v2\/pages\/4720\/revisions"}],"wp:attachment":[{"href":"https:\/\/ladocumenta.eu\/en\/wp-json\/wp\/v2\/media?parent=4720"}],"curies":[{"name":"wp","href":"https:\/\/api.w.org\/{rel}","templated":true}]}}