{"id":4723,"date":"2021-10-25T18:25:18","date_gmt":"2021-10-25T16:25:18","guid":{"rendered":"https:\/\/ladocumenta.eu\/mot-de-passe-oublie\/"},"modified":"2023-06-02T13:12:55","modified_gmt":"2023-06-02T11:12:55","slug":"forgot-my-pin","status":"publish","type":"page","link":"https:\/\/ladocumenta.eu\/en\/forgot-my-pin\/","title":{"rendered":"Forgot my PIN"},"content":{"rendered":"<h1>S\u2019inscrire<\/h1>\n<ul>\n<li>6000 r\u00e9f\u00e9rences en ligne : Livres, partitions, traductions, plans de sc\u00e8ne\u2026<\/li>\n<li>Des nombreuses ressources p\u00e9dagogiques adapt\u00e9es \u00e0 chaque public<\/li>\n<li>Les concerts vid\u00e9o, audio, des cr\u00e9ations multim\u00e9dia, des conf\u00e9rences&#8230;<\/li>\n<li>Un acc\u00e8s illimit\u00e9 aux documents dans leur int\u00e9gralit\u00e9<\/li>\n<li>Une consultation s\u00e9curis\u00e9e et multi-supports<\/li>\n<\/ul>\n<p><a class=\"href_btn\" href=\"https:\/\/ladocumenta.eu\/inscription\/\">S&#8217;inscrire<\/a><\/p>\n","protected":false},"excerpt":{"rendered":"<p>S\u2019inscrire 6000 r\u00e9f\u00e9rences en ligne : Livres, partitions, traductions, plans de sc\u00e8ne\u2026 Des nombreuses ressources p\u00e9dagogiques adapt\u00e9es \u00e0 chaque public Les concerts vid\u00e9o, audio, des cr\u00e9ations multim\u00e9dia, des conf\u00e9rences&#8230; Un acc\u00e8s illimit\u00e9 aux documents dans leur int\u00e9gralit\u00e9 Une consultation s\u00e9curis\u00e9e et multi-supports S&#8217;inscrire<\/p>\n","protected":false},"author":8,"featured_media":0,"parent":0,"menu_order":0,"comment_status":"closed","ping_status":"closed","template":"page-templates\/recoverpassword-page.php","meta":{"footnotes":""},"class_list":["post-4723","page","type-page","status-publish","hentry"],"_links":{"self":[{"href":"https:\/\/ladocumenta.eu\/en\/wp-json\/wp\/v2\/pages\/4723","targetHints":{"allow":["GET"]}}],"collection":[{"href":"https:\/\/ladocumenta.eu\/en\/wp-json\/wp\/v2\/pages"}],"about":[{"href":"https:\/\/ladocumenta.eu\/en\/wp-json\/wp\/v2\/types\/page"}],"author":[{"embeddable":true,"href":"https:\/\/ladocumenta.eu\/en\/wp-json\/wp\/v2\/users\/8"}],"replies":[{"embeddable":true,"href":"https:\/\/ladocumenta.eu\/en\/wp-json\/wp\/v2\/comments?post=4723"}],"version-history":[{"count":0,"href":"https:\/\/ladocumenta.eu\/en\/wp-json\/wp\/v2\/pages\/4723\/revisions"}],"wp:attachment":[{"href":"https:\/\/ladocumenta.eu\/en\/wp-json\/wp\/v2\/media?parent=4723"}],"curies":[{"name":"wp","href":"https:\/\/api.w.org\/{rel}","templated":true}]}}