{"id":4853,"date":"2022-09-13T15:16:20","date_gmt":"2022-09-13T13:16:20","guid":{"rendered":"https:\/\/ladocumenta.eu\/conditions-generales-dutilisation\/"},"modified":"2023-06-02T13:21:00","modified_gmt":"2023-06-02T11:21:00","slug":"terms-of-use","status":"publish","type":"page","link":"https:\/\/ladocumenta.eu\/en\/terms-of-use\/","title":{"rendered":"Terms of Use"},"content":{"rendered":"<p>&nbsp;<\/p>\n<p class=\"p1\">Veuillez lire attentivement les pr\u00e9sentes conditions g\u00e9n\u00e9rales d&#8217;utilisation (les \u00ab\u00a0<strong>CGU<\/strong>\u00a0\u00bb) avant toute utilisation du site <a href=\"http:\/\/www.insuladocumenta.com\/\">www.ladocumenta.eu<\/a> (ci-apr\u00e8s, le \u00ab\u00a0<strong>Site<\/strong>\u00a0\u00bb).<\/p>\n<p>&nbsp;<\/p>\n<p class=\"p1\"><strong>Objet et utilisation du Site<\/strong><\/p>\n<p class=\"p1\">Le Site, \u00e9dit\u00e9 par ERDA, permet \u00e0 l\u2019utilisateur d\u2019acc\u00e9der, gratuitement, \u00e0 un service de consultation de ressources incluant notamment des notices bibliographiques et des pages d\u2019\u00e9ditorialisation (textes, images, vid\u00e9os).<\/p>\n<p class=\"p1\">L\u2019utilisation et la consultation du Site et de son contenu doivent \u00eatre effectu\u00e9es \u00e0 titre strictement non-commercial et personnel (\u00e0 des fins p\u00e9dagogiques ou de recherche).<\/p>\n<p>&nbsp;<\/p>\n<p class=\"p1\"><strong>Acceptation et modification des CGU<\/strong><\/p>\n<p class=\"p1\">La navigation par l\u2019utilisateur sur le Site vaut acceptation des CGU, qu\u2019il reconna\u00eet avoir lues, comprises et accept\u00e9es dans leur int\u00e9gralit\u00e9.<\/p>\n<p class=\"p1\">S\u2019il n\u2019accepte pas tout ou partie des pr\u00e9sentes, l\u2019utilisateur doit cesser imm\u00e9diatement toute utilisation du Site.<\/p>\n<p class=\"p1\">Outre l\u2019acceptation tacite pr\u00e9cit\u00e9e, l\u2019acceptation expresse des CGU par l\u2019utilisateur sera exig\u00e9e lors de la cr\u00e9ation de son compte.<\/p>\n<p class=\"p1\">ERDA se r\u00e9serve le droit de modifier tout ou partie des CGU \u00e0 tout moment et sans pr\u00e9avis.<\/p>\n<p class=\"p1\">Les nouvelles stipulations des CGU s&#8217;appliqueront automatiquement \u00e0 toute utilisation du Site par les utilisateurs post\u00e9rieurement \u00e0 cette modification.<\/p>\n<p>&nbsp;<\/p>\n<p class=\"p1\"><strong>Cr\u00e9ation et gestion du compte<\/strong><\/p>\n<p class=\"p1\">Le Site est accessible \u00e0 tout utilisateur depuis internet. Toutefois, afin de b\u00e9n\u00e9ficier des services de consultation des ressources de La Documenta, l\u2019utilisateur doit cr\u00e9er un compte.<\/p>\n<p>La proc\u00e9dure de cr\u00e9ation d\u2019un compte se d\u00e9roule comme suit :<\/p>\n<ul>\n<li>fourniture des informations personnelles (nom, pr\u00e9nom, adresse, num\u00e9ro de t\u00e9l\u00e9phone, adresse email) ;<\/li>\n<li class=\"p1\">acceptation des CGU.<\/li>\n<\/ul>\n<p>Certaines informations sont obligatoires pour la cr\u00e9ation du compte et sont identifi\u00e9es comme telles par un ast\u00e9risque.<\/p>\n<p>L\u2019utilisateur s&#8217;engage \u00e0 fournir \u00e0 ERDA des informations compl\u00e8tes, fiables, actualis\u00e9es et exactes le concernant.<\/p>\n<p>L\u2019utilisateur est seul responsable de la s\u00e9curit\u00e9 et de la confidentialit\u00e9 de son compte et notamment du choix du mot de passe destin\u00e9 \u00e0 en pr\u00e9server la confidentialit\u00e9. En cons\u00e9quence, chaque utilisateur est pr\u00e9sum\u00e9 seul responsable de toute utilisation qui pourrait \u00eatre faite de \/depuis son compte.<\/p>\n<p>L\u2019utilisateur devra avertir sans d\u00e9lai ERDA de toute utilisation non autoris\u00e9e, de toute intrusion dans ou de tout d\u00e9tournement de son compte.<\/p>\n<p>L\u2019utilisateur peut supprimer son compte et se d\u00e9sinscrire \u00e0 tout moment.<\/p>\n<p>L\u2019utilisateur s&#8217;engage \u00e0 ne pas choisir un identifiant portant, d&#8217;une quelconque fa\u00e7on, atteinte aux droits d&#8217;un tiers, et notamment portant atteinte \u00e0 un droit de propri\u00e9t\u00e9 intellectuelle, droit \u00e0 l\u2019image, \u00e0 une d\u00e9nomination sociale ou \u00e0 un nom patronymique.<\/p>\n<p>L\u2019utilisateur s\u2019engage \u00e0 utiliser le Site de fa\u00e7on loyale, dans le respect des CGU et conform\u00e9ment aux l\u00e9gislations et r\u00e9glementations en vigueur, \u00e0 l\u2019ordre public, aux bonnes m\u0153urs et aux droits des tiers.<\/p>\n<p>&nbsp;<\/p>\n<p><strong>R\u00e9siliation<\/strong><\/p>\n<p>ERDA se r\u00e9serve le droit de d\u00e9sactiver imm\u00e9diatement et de plein droit le compte d\u2019un utilisateur et\/ou de bloquer l\u2019acc\u00e8s d\u2019un utilisateur au Site, notamment si l\u2019utilisateur ne respecte pas tout ou partie des CGU, ou contrevient \u00e0 la loi ou \u00e0 la r\u00e8glementation applicables, sans pr\u00e9judice de l&#8217;indemnisation de tout dommage \u00e9ventuellement subi par ERDA et de toute autre action \u00e0 sa disposition.<\/p>\n<p>&nbsp;<\/p>\n<p><strong>Propri\u00e9t\u00e9 intellectuelle<\/strong><\/p>\n<p>Le Site pris dans sa globalit\u00e9, ainsi que chacun des \u00e9l\u00e9ments le composant, notamment les programmes, contenus incluant des donn\u00e9es, textes, musiques, images fixes ou anim\u00e9es, marques, logotypes, sons, graphiques, fichiers, bases de donn\u00e9es, noms de domaine, d\u00e9nominations sociales sont la propri\u00e9t\u00e9 exclusive de ERDA ou des d\u00e9tenteurs de droits concern\u00e9s.<\/p>\n<p>Toute reproduction et\/ou repr\u00e9sentation, totale ou partielle, du Site ou d\u2019un des \u00e9l\u00e9ments le composant, sur quelque support que ce soit, sans l\u2019autorisation expresse de ERDA, est interdite et constituerait une atteinte aux droits de ERDA ou de tiers et notamment une contrefa\u00e7on sanctionn\u00e9e par les articles L.335-2 et suivants du Code de la propri\u00e9t\u00e9 intellectuelle pouvant engager la responsabilit\u00e9 civile et p\u00e9nale du contrefacteur.<\/p>\n<p>Il est strictement interdit d&#8217;utiliser ou de reproduire les noms ERDA, INSULA ORCHESTRA, ou LA DOCUMENTA seuls ou associ\u00e9s \u00e0 tout \u00e9l\u00e9ment, \u00e0 quelque titre que ce soit.<\/p>\n<p>Les CGU n\u2019emportent aucune cession d\u2019aucune sorte de droits de propri\u00e9t\u00e9, notamment intellectuelle, sur les \u00e9l\u00e9ments appartenant \u00e0 ERDA au b\u00e9n\u00e9fice de l\u2019utilisateur qui s\u2019interdit en tout \u00e9tat de cause tout agissement et tout acte susceptible de porter atteinte, directement ou indirectement, aux droits de propri\u00e9t\u00e9 intellectuelle de ERDA.<\/p>\n<p>&nbsp;<\/p>\n<p><strong>Liens hypertextes<\/strong><\/p>\n<p>Tout lien hypertexte vers le Site doit faire l&#8217;objet d&#8217;une autorisation pr\u00e9alable et \u00e9crite de ERDA.<\/p>\n<p>Par ailleurs, le Site est susceptible de mettre en place des liens hypertextes vers des sites internet de tiers. ERDA ne saurait \u00eatre responsable du contenu et du fonctionnement de ces sites tiers, ainsi que des dommages de toutes natures pouvant \u00eatre subis par l\u2019utilisateur \u00e0 l&#8217;occasion d&#8217;une visite de ces sites. L\u2019utilisateur est invit\u00e9 \u00e0 lire attentivement les conditions g\u00e9n\u00e9rales d&#8217;utilisation et\/ou la charte de protection des donn\u00e9es \u00e0 caract\u00e8re personnel de ces sites tiers.<\/p>\n<p>&nbsp;<\/p>\n<p><strong>Responsabilit\u00e9<\/strong><\/p>\n<p>Malgr\u00e9 tout le soin apport\u00e9 aux publications sur le Site, tous contenus, y compris les photos, illustrations, plans et graphiques reproduits sur le Site n&#8217;ont pas de valeur contractuelle. Les informations sont fournies sur le Site \u00e0 titre purement indicatif et peuvent \u00eatre sujettes \u00e0 modification \u00e0 tout moment et sans pr\u00e9avis.<\/p>\n<p>ERDA ne saurait garantir l\u2019exactitude, la compl\u00e9tude, l\u2019actualit\u00e9 des documents et informations disponibles sur le Site.<\/p>\n<p>L\u2019utilisateur reconna\u00eet utiliser les documents et informations disponibles sur le Site sous sa responsabilit\u00e9 exclusive, disposer de la comp\u00e9tence et des moyens n\u00e9cessaires pour acc\u00e9der et utiliser le Site, et avoir v\u00e9rifi\u00e9 que la configuration informatique utilis\u00e9e ne contient aucun virus et qu\u2019elle est en parfait \u00e9tat de fonctionnement.<\/p>\n<p>ERDA n\u2019est pas responsable des retards, difficult\u00e9s d\u2019utilisation, ou de l\u2019incompatibilit\u00e9 entre le Site et des fichiers, votre navigateur ou tout autre programme d\u2019acc\u00e8s au Site.<\/p>\n<p>Dans toute la mesure permise par la r\u00e9glementation en vigueur, ERDA ne saurait \u00eatre responsable d\u2019un quelconque dommage direct ou indirect en ce compris notamment, les pertes de donn\u00e9es, les pertes de profits, de client\u00e8les, les pertes de bien immat\u00e9riels, manques \u00e0 gagner, atteintes \u00e0 l\u2019image.<\/p>\n<p>&nbsp;<\/p>\n<p><strong>Garantie<\/strong><\/p>\n<p>Le Site et les services disponibles sont fournis \u00ab\u00a0en l\u2019\u00e9tat\u00a0\u00bb et ERDA ne fournit aucune garantie autre que celles pr\u00e9vues aux pr\u00e9sentes, en particulier aucune garantie de fonctionnement ininterrompu, exempt d\u2019erreur ou d\u2019anomalie, d\u2019absence de vice cach\u00e9, d\u2019ad\u00e9quation des services fournis \u00e0 un besoin ou usage particulier de l\u2019utilisateur.<\/p>\n<p>A son enti\u00e8re discr\u00e9tion, ERDA pourra interrompre, modifier ou alt\u00e9rer tout aspect du Site, y compris notamment r\u00e9duire sa disponibilit\u00e9, ses fonctionnalit\u00e9s ou l&#8217;\u00e9tendue de l&#8217;utilisation autoris\u00e9e, avec ou sans pr\u00e9avis et sans engager sa responsabilit\u00e9.<\/p>\n<p>ERDA n&#8217;offre aucune garantie et ne saurait voir sa responsabilit\u00e9 engag\u00e9e relativement \u00e0\u00a0:<\/p>\n<ul>\n<li>la disponibilit\u00e9 du Site et\/ou de ses fonctionnalit\u00e9s et\/ou du serveur qui l&#8217;h\u00e9berge ;<\/li>\n<li>l&#8217;absence d&#8217;erreur, de virus ou autres \u00e9l\u00e9ments dommageables sur le Site ;<\/li>\n<li>l&#8217;utilisation ou le r\u00e9sultat de l&#8217;utilisation de tout ou partie du contenu du Site ;<\/li>\n<li>la pertinence, la v\u00e9racit\u00e9 de tout contenu pr\u00e9sent sur le Site.<\/li>\n<\/ul>\n<p>&nbsp;<\/p>\n<p><strong>Donn\u00e9es \u00e0 caract\u00e8re personnel<\/strong><\/p>\n<p>Nous vous invitons \u00e0 prendre connaissance de notre <strong><a href=\"https:\/\/ladocumenta.eu\/en\/privacy\/\">Charte de protection des donn\u00e9es \u00e0 caract\u00e8re personnel<\/a><\/strong>.<\/p>\n<p>&nbsp;<\/p>\n<p><strong>Loi applicable<\/strong><\/p>\n<p>Les CGU sont r\u00e9gies par le droit fran\u00e7ais.<\/p>\n<p>&nbsp;<\/p>\n<p><em>Derni\u00e8re mise \u00e0 jour\u00a0: 28 juin<span class=\"s1\">\u00a02022<\/span><\/em><\/p>\n","protected":false},"excerpt":{"rendered":"<p>&nbsp; Veuillez lire attentivement les pr\u00e9sentes conditions g\u00e9n\u00e9rales d&#8217;utilisation (les \u00ab\u00a0CGU\u00a0\u00bb) avant toute utilisation du site www.ladocumenta.eu (ci-apr\u00e8s, le \u00ab\u00a0Site\u00a0\u00bb). &nbsp; Objet et utilisation du Site Le Site, \u00e9dit\u00e9 par ERDA, permet \u00e0 l\u2019utilisateur d\u2019acc\u00e9der, gratuitement, \u00e0 un service de consultation de ressources incluant notamment des notices bibliographiques et des pages d\u2019\u00e9ditorialisation (textes, images, vid\u00e9os). [&hellip;]<\/p>\n","protected":false},"author":8,"featured_media":0,"parent":0,"menu_order":0,"comment_status":"closed","ping_status":"closed","template":"","meta":{"footnotes":""},"class_list":["post-4853","page","type-page","status-publish","hentry"],"_links":{"self":[{"href":"https:\/\/ladocumenta.eu\/en\/wp-json\/wp\/v2\/pages\/4853","targetHints":{"allow":["GET"]}}],"collection":[{"href":"https:\/\/ladocumenta.eu\/en\/wp-json\/wp\/v2\/pages"}],"about":[{"href":"https:\/\/ladocumenta.eu\/en\/wp-json\/wp\/v2\/types\/page"}],"author":[{"embeddable":true,"href":"https:\/\/ladocumenta.eu\/en\/wp-json\/wp\/v2\/users\/8"}],"replies":[{"embeddable":true,"href":"https:\/\/ladocumenta.eu\/en\/wp-json\/wp\/v2\/comments?post=4853"}],"version-history":[{"count":0,"href":"https:\/\/ladocumenta.eu\/en\/wp-json\/wp\/v2\/pages\/4853\/revisions"}],"wp:attachment":[{"href":"https:\/\/ladocumenta.eu\/en\/wp-json\/wp\/v2\/media?parent=4853"}],"curies":[{"name":"wp","href":"https:\/\/api.w.org\/{rel}","templated":true}]}}