{"id":6382,"date":"2023-06-09T12:57:48","date_gmt":"2023-06-09T10:57:48","guid":{"rendered":"https:\/\/ladocumenta.eu\/mentions-legales-2\/"},"modified":"2023-06-09T12:58:11","modified_gmt":"2023-06-09T10:58:11","slug":"legal-notices","status":"publish","type":"page","link":"https:\/\/ladocumenta.eu\/en\/legal-notices\/","title":{"rendered":"Legal notices"},"content":{"rendered":"<p><strong>Editeur<\/strong><\/p>\n<p>Le site internet www.ladocumenta.eu\/ est \u00e9dit\u00e9 par ERDA EDUCATION RECHERCHE DEVELOPPEMENT ARTISTIQUE, association dont le si\u00e8ge social est situ\u00e9 23, rue d\u2019Anjou, 75008 Paris, inscrite au R\u00e9pertoire national des associations sous le n\u00b0 W751087250 et dont le n\u00b0 SIREN est le 391\u00a0961\u00a0513 (ci-apr\u00e8s, <strong>\u00ab\u00a0ERDA\u00a0\u00bb<\/strong>).<\/p>\n<p>Num\u00e9ro de t\u00e9l\u00e9phone\u00a0: +33 (0) 1 42 46 22 00.<\/p>\n<p>&nbsp;<\/p>\n<p><strong>Directeur de la publication<\/strong><\/p>\n<p>Le directeur de la publication du site est\u00a0: Monsieur Samuel SERIN, directeur g\u00e9n\u00e9ral d\u00e9l\u00e9gu\u00e9.<\/p>\n<p>&nbsp;<\/p>\n<p><strong>H\u00e9bergeur<\/strong><\/p>\n<p>L\u2019Application est h\u00e9berg\u00e9e par la soci\u00e9t\u00e9 OVH.<br \/>\nSi\u00e8ge social\u00a0: 2 rue Kellermann BP 80157, 59053 ROUBAIX CEDEX 1, France.<br \/>\nNum\u00e9ro de t\u00e9l\u00e9phone\u00a0: + 33 (0)9 72 10 10 07.<\/p>\n","protected":false},"excerpt":{"rendered":"<p>Editeur Le site internet www.ladocumenta.eu\/ est \u00e9dit\u00e9 par ERDA EDUCATION RECHERCHE DEVELOPPEMENT ARTISTIQUE, association dont le si\u00e8ge social est situ\u00e9 23, rue d\u2019Anjou, 75008 Paris, inscrite au R\u00e9pertoire national des associations sous le n\u00b0 W751087250 et dont le n\u00b0 SIREN est le 391\u00a0961\u00a0513 (ci-apr\u00e8s, \u00ab\u00a0ERDA\u00a0\u00bb). Num\u00e9ro de t\u00e9l\u00e9phone\u00a0: +33 (0) 1 42 46 22 00. [&hellip;]<\/p>\n","protected":false},"author":2,"featured_media":0,"parent":0,"menu_order":0,"comment_status":"closed","ping_status":"closed","template":"","meta":{"footnotes":""},"class_list":["post-6382","page","type-page","status-publish","hentry"],"_links":{"self":[{"href":"https:\/\/ladocumenta.eu\/en\/wp-json\/wp\/v2\/pages\/6382","targetHints":{"allow":["GET"]}}],"collection":[{"href":"https:\/\/ladocumenta.eu\/en\/wp-json\/wp\/v2\/pages"}],"about":[{"href":"https:\/\/ladocumenta.eu\/en\/wp-json\/wp\/v2\/types\/page"}],"author":[{"embeddable":true,"href":"https:\/\/ladocumenta.eu\/en\/wp-json\/wp\/v2\/users\/2"}],"replies":[{"embeddable":true,"href":"https:\/\/ladocumenta.eu\/en\/wp-json\/wp\/v2\/comments?post=6382"}],"version-history":[{"count":0,"href":"https:\/\/ladocumenta.eu\/en\/wp-json\/wp\/v2\/pages\/6382\/revisions"}],"wp:attachment":[{"href":"https:\/\/ladocumenta.eu\/en\/wp-json\/wp\/v2\/media?parent=6382"}],"curies":[{"name":"wp","href":"https:\/\/api.w.org\/{rel}","templated":true}]}}